{"id":165,"date":"2020-03-28T23:09:09","date_gmt":"2020-03-28T20:09:09","guid":{"rendered":"http:\/\/sahmath.net\/?page_id=165"},"modified":"2021-06-30T11:31:09","modified_gmt":"2021-06-30T08:31:09","slug":"pisa-tarzi-sorular","status":"publish","type":"page","link":"https:\/\/sahmath.net\/?page_id=165","title":{"rendered":"P\u0130SA  Sorular\u0131"},"content":{"rendered":"\n<p>Pisa sorular\u0131 test 1 i\u00e7in <a href=\"https:\/\/sahmath.net\/wp-content\/uploads\/2020\/03\/pisasorulari1.pdf\">t\u0131klay\u0131n\u0131z.<\/a><\/p>\n","protected":false},"excerpt":{"rendered":"<p>Pisa sorular\u0131 test 1 i\u00e7in t\u0131klay\u0131n\u0131z.<span class=\"more-link theme-more-link\"><a href=\"https:\/\/sahmath.net\/?page_id=165\">Continue Reading<\/a><\/span><\/p>\n","protected":false},"author":1,"featured_media":0,"parent":0,"menu_order":0,"comment_status":"closed","ping_status":"closed","template":"","meta":{"footnotes":""},"class_list":["entry","author-sahmath","post-165","page","type-page","status-publish"],"_links":{"self":[{"href":"https:\/\/sahmath.net\/index.php?rest_route=\/wp\/v2\/pages\/165","targetHints":{"allow":["GET"]}}],"collection":[{"href":"https:\/\/sahmath.net\/index.php?rest_route=\/wp\/v2\/pages"}],"about":[{"href":"https:\/\/sahmath.net\/index.php?rest_route=\/wp\/v2\/types\/page"}],"author":[{"embeddable":true,"href":"https:\/\/sahmath.net\/index.php?rest_route=\/wp\/v2\/users\/1"}],"replies":[{"embeddable":true,"href":"https:\/\/sahmath.net\/index.php?rest_route=%2Fwp%2Fv2%2Fcomments&post=165"}],"version-history":[{"count":5,"href":"https:\/\/sahmath.net\/index.php?rest_route=\/wp\/v2\/pages\/165\/revisions"}],"predecessor-version":[{"id":324,"href":"https:\/\/sahmath.net\/index.php?rest_route=\/wp\/v2\/pages\/165\/revisions\/324"}],"wp:attachment":[{"href":"https:\/\/sahmath.net\/index.php?rest_route=%2Fwp%2Fv2%2Fmedia&parent=165"}],"curies":[{"name":"wp","href":"https:\/\/api.w.org\/{rel}","templated":true}]}}