{"id":19,"date":"2019-12-16T23:39:28","date_gmt":"2019-12-16T20:39:28","guid":{"rendered":"http:\/\/sahmath.net\/?page_id=19"},"modified":"2024-10-09T23:31:47","modified_gmt":"2024-10-09T20:31:47","slug":"matematik-dokuman","status":"publish","type":"page","link":"https:\/\/sahmath.net\/?page_id=19","title":{"rendered":"Matematik D\u00f6k\u00fcman"},"content":{"rendered":"\n<p><strong>\u00d6RNEK YAZILILAR<\/strong><\/p>\n\n\n\n<p><em><strong>9.SINIF YAZILILARI<\/strong><\/em><\/p>\n\n\n\n<p><\/p>\n\n\n\n<p><em><strong>10. SINIF YAZILILARI<\/strong><\/em><\/p>\n\n\n\n<p>10. S\u0131n\u0131f 1.yaz\u0131l\u0131 i\u00e7in <a href=\"https:\/\/sahmath.net\/wp-content\/uploads\/2019\/12\/10.sinifmatematik1.donem1yazili.pdf\">t\u0131klay\u0131n\u0131z.<\/a>  <\/p>\n\n\n\n<p>10. S\u0131n\u0131f 1.yaz\u0131l\u0131 i\u00e7in <a href=\"https:\/\/sahmath.net\/wp-content\/uploads\/2019\/12\/10.sinifmatematik1.donem1yazili2.pdf\">t\u0131klay\u0131n\u0131z.<\/a><\/p>\n\n\n\n<p><em><strong>11.SINIF YAZILILARI<\/strong><\/em><\/p>\n\n\n\n<p>11. S\u0131n\u0131f 1.yaz\u0131l\u0131 i\u00e7in <a href=\"https:\/\/sahmath.net\/wp-content\/uploads\/2020\/11\/11.sinifmatematik1.donem1_.yazili.pdf\">t\u0131klay\u0131n\u0131z.<\/a><\/p>\n\n\n\n<p>11. S\u0131n\u0131f 1. yaz\u0131l\u0131 i\u00e7in <a href=\"https:\/\/sahmath.net\/wp-content\/uploads\/2022\/11\/11.-sinif-kurtarma-sinavi-kopyasi.pdf\">t\u0131klay\u0131n\u0131z.<\/a><\/p>\n\n\n\n<p><em><strong>12. SINIF YAZILILARI<\/strong><\/em><\/p>\n\n\n\n<p>12. S\u0131n\u0131f 1.yaz\u0131l\u0131 i\u00e7in <a href=\"https:\/\/sahmath.net\/wp-content\/uploads\/2020\/11\/12.sinifmatematik1.donem1_.yazili.pdf\">t\u0131klay\u0131n\u0131z.<\/a><\/p>\n\n\n\n<p>\u00dcstel ve Logaritmik Fonksiyonlar Quiz 1 i\u00e7in <a href=\"https:\/\/sahmath.net\/wp-content\/uploads\/2023\/10\/12.-sinif-ustel-ve-logaritma-fonksiyonlar-quiz-kopyasi.pdf\">t\u0131klay\u0131n\u0131z.<\/a><\/p>\n\n\n\n<p><strong>KONU TARAMA TESTLER\u0130<\/strong><\/p>\n\n\n\n<p>YKS 1.Tarama testi i\u00e7in <a href=\"https:\/\/sahmath.net\/wp-content\/uploads\/2019\/12\/YGS-KTT-1.1.pdf\">t\u0131klay\u0131n\u0131z.<\/a><\/p>\n\n\n\n<p>9. S\u0131n\u0131f \u00dcsl\u00fc ve K\u00f6kl\u00fc Quiz 1 i\u00e7in<a href=\"https:\/\/sahmath.net\/wp-content\/uploads\/2024\/10\/uslukokluquiz.pdf\" data-type=\"link\" data-id=\"https:\/\/sahmath.net\/wp-content\/uploads\/2024\/10\/uslukokluquiz.pdf\"> t\u0131klay\u0131n\u0131z.<\/a><\/p>\n","protected":false},"excerpt":{"rendered":"<p>\u00d6RNEK YAZILILAR 9.SINIF YAZILILARI 10. SINIF YAZILILARI 10. S\u0131n\u0131f 1.yaz\u0131l\u0131 i\u00e7in t\u0131klay\u0131n\u0131z. 10. S\u0131n\u0131f 1.yaz\u0131l\u0131 i\u00e7in t\u0131klay\u0131n\u0131z. 11.SINIF YAZILILARI 11. S\u0131n\u0131f 1.yaz\u0131l\u0131 i\u00e7in t\u0131klay\u0131n\u0131z. 11. S\u0131n\u0131f 1. yaz\u0131l\u0131 i\u00e7in t\u0131klay\u0131n\u0131z. 12. SINIF YAZILILARI 12. S\u0131n\u0131f 1.yaz\u0131l\u0131 i\u00e7in t\u0131klay\u0131n\u0131z. \u00dcstel ve Logaritmik Fonksiyonlar Quiz 1 i\u00e7in t\u0131klay\u0131n\u0131z. KONU TARAMA TESTLER\u0130 YKS<span class=\"more-link theme-more-link\"><a href=\"https:\/\/sahmath.net\/?page_id=19\">Continue Reading<\/a><\/span><\/p>\n","protected":false},"author":1,"featured_media":0,"parent":0,"menu_order":0,"comment_status":"closed","ping_status":"closed","template":"","meta":{"footnotes":""},"class_list":["entry","author-sahmath","post-19","page","type-page","status-publish"],"_links":{"self":[{"href":"https:\/\/sahmath.net\/index.php?rest_route=\/wp\/v2\/pages\/19","targetHints":{"allow":["GET"]}}],"collection":[{"href":"https:\/\/sahmath.net\/index.php?rest_route=\/wp\/v2\/pages"}],"about":[{"href":"https:\/\/sahmath.net\/index.php?rest_route=\/wp\/v2\/types\/page"}],"author":[{"embeddable":true,"href":"https:\/\/sahmath.net\/index.php?rest_route=\/wp\/v2\/users\/1"}],"replies":[{"embeddable":true,"href":"https:\/\/sahmath.net\/index.php?rest_route=%2Fwp%2Fv2%2Fcomments&post=19"}],"version-history":[{"count":22,"href":"https:\/\/sahmath.net\/index.php?rest_route=\/wp\/v2\/pages\/19\/revisions"}],"predecessor-version":[{"id":764,"href":"https:\/\/sahmath.net\/index.php?rest_route=\/wp\/v2\/pages\/19\/revisions\/764"}],"wp:attachment":[{"href":"https:\/\/sahmath.net\/index.php?rest_route=%2Fwp%2Fv2%2Fmedia&parent=19"}],"curies":[{"name":"wp","href":"https:\/\/api.w.org\/{rel}","templated":true}]}}