{"id":287,"date":"2020-11-28T21:49:53","date_gmt":"2020-11-28T18:49:53","guid":{"rendered":"http:\/\/sahmath.net\/?page_id=287"},"modified":"2025-09-29T11:16:41","modified_gmt":"2025-09-29T08:16:41","slug":"matematik-konu-kavrama-testleri","status":"publish","type":"page","link":"https:\/\/sahmath.net\/?page_id=287","title":{"rendered":"Kavrama Testleri"},"content":{"rendered":"\n<p><strong>Tyt  Matematik Kavrama Testleri<\/strong><\/p>\n\n\n\n<p>\u00d6nerme, Do\u011fruluk de\u011feri, &#8221;Ve&#8221;, Veya&#8221;, &#8221;Ya da&#8221; Ba\u011fla\u00e7lar\u0131 ve De Morgan konu kavrama testi i\u00e7in <a href=\"https:\/\/sahmath.net\/wp-content\/uploads\/2023\/09\/mantikkavrama1.pdf\" data-type=\"URL\" data-id=\"https:\/\/sahmath.net\/wp-content\/uploads\/2023\/09\/mantikkavrama1.pdf\">t\u0131klay\u0131n\u0131z.<\/a><\/p>\n\n\n\n<p>&#8221;\u0130se&#8221;, Ancak ve Ancak&#8221; ba\u011fla\u00e7lar\u0131, A\u00e7\u0131k \u00d6nermeler ve Niceleyiciler testi i\u00e7in <a href=\"https:\/\/sahmath.net\/wp-content\/uploads\/2023\/10\/iseancakveancakniceleyiciler.pdf\">t\u0131klay\u0131n\u0131z.<\/a><\/p>\n\n\n\n<p>Say\u0131lar konu kavrama testi i\u00e7in<a href=\"https:\/\/sahmath.net\/wp-content\/uploads\/2020\/11\/sayilarkonuanlatimisorular.pdf\"> t\u0131klay\u0131n\u0131z.<\/a><\/p>\n\n\n\n<p>Do\u011fruda ve \u00dc\u00e7gende A\u00e7\u0131lar, A\u00e7\u0131 Kenar Ba\u011f\u0131nt\u0131lar\u0131 testi i\u00e7in <a href=\"https:\/\/sahmath.net\/wp-content\/uploads\/2023\/05\/dogrudaucgendeacilaracikenarquiz.pdf\">t\u0131klay\u0131n\u0131z.<\/a><\/p>\n","protected":false},"excerpt":{"rendered":"<p>Tyt Matematik Kavrama Testleri \u00d6nerme, Do\u011fruluk de\u011feri, &#8221;Ve&#8221;, Veya&#8221;, &#8221;Ya da&#8221; Ba\u011fla\u00e7lar\u0131 ve De Morgan konu kavrama testi i\u00e7in t\u0131klay\u0131n\u0131z. &#8221;\u0130se&#8221;, Ancak ve Ancak&#8221; ba\u011fla\u00e7lar\u0131, A\u00e7\u0131k \u00d6nermeler ve Niceleyiciler testi i\u00e7in t\u0131klay\u0131n\u0131z. Say\u0131lar konu kavrama testi i\u00e7in t\u0131klay\u0131n\u0131z. Do\u011fruda ve \u00dc\u00e7gende A\u00e7\u0131lar, A\u00e7\u0131 Kenar Ba\u011f\u0131nt\u0131lar\u0131 testi i\u00e7in t\u0131klay\u0131n\u0131z.<span class=\"more-link theme-more-link\"><a href=\"https:\/\/sahmath.net\/?page_id=287\">Continue Reading<\/a><\/span><\/p>\n","protected":false},"author":1,"featured_media":0,"parent":0,"menu_order":0,"comment_status":"closed","ping_status":"closed","template":"","meta":{"footnotes":""},"class_list":["entry","author-sahmath","post-287","page","type-page","status-publish"],"_links":{"self":[{"href":"https:\/\/sahmath.net\/index.php?rest_route=\/wp\/v2\/pages\/287","targetHints":{"allow":["GET"]}}],"collection":[{"href":"https:\/\/sahmath.net\/index.php?rest_route=\/wp\/v2\/pages"}],"about":[{"href":"https:\/\/sahmath.net\/index.php?rest_route=\/wp\/v2\/types\/page"}],"author":[{"embeddable":true,"href":"https:\/\/sahmath.net\/index.php?rest_route=\/wp\/v2\/users\/1"}],"replies":[{"embeddable":true,"href":"https:\/\/sahmath.net\/index.php?rest_route=%2Fwp%2Fv2%2Fcomments&post=287"}],"version-history":[{"count":14,"href":"https:\/\/sahmath.net\/index.php?rest_route=\/wp\/v2\/pages\/287\/revisions"}],"predecessor-version":[{"id":778,"href":"https:\/\/sahmath.net\/index.php?rest_route=\/wp\/v2\/pages\/287\/revisions\/778"}],"wp:attachment":[{"href":"https:\/\/sahmath.net\/index.php?rest_route=%2Fwp%2Fv2%2Fmedia&parent=287"}],"curies":[{"name":"wp","href":"https:\/\/api.w.org\/{rel}","templated":true}]}}