{"id":29,"date":"2019-12-17T12:07:32","date_gmt":"2019-12-17T09:07:32","guid":{"rendered":"http:\/\/sahmath.net\/?page_id=29"},"modified":"2025-09-29T11:14:05","modified_gmt":"2025-09-29T08:14:05","slug":"matematik-testleri","status":"publish","type":"page","link":"https:\/\/sahmath.net\/?page_id=29","title":{"rendered":"Tarama Testleri"},"content":{"rendered":"\n<p class=\"has-text-align-center\"><strong>TYT Tarama Testleri<\/strong><\/p>\n\n\n\n<p class=\"has-pale-cyan-blue-background-color has-background\">K\u00fcmeler testi i\u00e7in <a href=\"https:\/\/sahmath.net\/wp-content\/uploads\/2020\/03\/kumeler.pdf\">t\u0131klay\u0131n\u0131z.<\/a><\/p>\n\n\n\n<p class=\"has-pale-cyan-blue-background-color has-background\">B\u00f6lme ve b\u00f6l\u00fcnebilme testi i\u00e7in <a href=\"https:\/\/sahmath.net\/wp-content\/uploads\/2020\/12\/bolmebolunebilme.pdf\">t\u0131klay\u0131n\u0131z.<\/a><\/p>\n\n\n\n<p class=\"has-pale-cyan-blue-background-color has-background\">Ebob ve Ekok testi i\u00e7in<a href=\"https:\/\/sahmath.net\/wp-content\/uploads\/2020\/12\/ebobveekok.pdf\"> t\u0131klay\u0131n\u0131z.<\/a><\/p>\n\n\n\n<p class=\"has-pale-cyan-blue-background-color has-background\">1.Dereceden bir bilinmeyenli denklemler testi i\u00e7in <a href=\"https:\/\/sahmath.net\/wp-content\/uploads\/2020\/04\/1.derecedenbirbilinmeyenlidenklemler.pdf\">t\u0131klay\u0131n\u0131z.<\/a><\/p>\n\n\n\n<p class=\"has-pale-cyan-blue-background-color has-background\">\u00dcsl\u00fc say\u0131lar testi i\u00e7in <a href=\"https:\/\/sahmath.net\/wp-content\/uploads\/2020\/04\/uslusayilar.pdf\">t\u0131klay\u0131n\u0131z.<\/a><\/p>\n\n\n\n<p class=\"has-pale-cyan-blue-background-color has-background\">Say\u0131 ve kesir problemleri i\u00e7in <a href=\"https:\/\/sahmath.net\/wp-content\/uploads\/2020\/02\/sayikesirproblemleri.pdf\">t\u0131klay\u0131n\u0131z.<\/a><\/p>\n\n\n\n<p class=\"has-pale-cyan-blue-background-color has-background\">Ya\u015f problemleri testi i\u00e7in <a href=\"https:\/\/sahmath.net\/wp-content\/uploads\/2020\/03\/yasproblemleri.pdf\">t\u0131klay\u0131n\u0131z.<\/a><\/p>\n\n\n\n<p class=\"has-cyan-bluish-gray-background-color has-background\">Sayman\u0131n temel ilkesi i\u00e7in <a href=\"https:\/\/sahmath.net\/wp-content\/uploads\/2019\/12\/saymanintemelilkesi.pdf\">t\u0131klay\u0131n\u0131z<\/a><\/p>\n\n\n\n<p class=\"has-cyan-bluish-gray-background-color has-background\">Perm\u00fctasyon testi i\u00e7in <a href=\"https:\/\/sahmath.net\/wp-content\/uploads\/2019\/12\/permutasyon.pdf\">t\u0131klay\u0131n\u0131z.<\/a><\/p>\n\n\n\n<p class=\"has-cyan-bluish-gray-background-color has-background\">Kombinasyon testi i\u00e7in <a href=\"https:\/\/sahmath.net\/wp-content\/uploads\/2019\/12\/kombinasyon.pdf\">t\u0131klay\u0131n\u0131z.<\/a><\/p>\n\n\n\n<p class=\"has-cyan-bluish-gray-background-color has-background\">Binom testi i\u00e7in <a href=\"https:\/\/sahmath.net\/wp-content\/uploads\/2019\/12\/binom.pdf\">t\u0131klay\u0131n\u0131z.<\/a><\/p>\n\n\n\n<p class=\"has-cyan-bluish-gray-background-color has-background\">Polinom tan\u0131m\u0131 testi i\u00e7i<a href=\"https:\/\/sahmath.net\/wp-content\/uploads\/2019\/12\/polinomtanimi.pdf\"> t\u0131klay\u0131n\u0131z..<\/a><\/p>\n\n\n\n<p class=\"has-cyan-bluish-gray-background-color has-background\">Polinomlarda katsay\u0131lar toplam\u0131 ve sabit terim testi i\u00e7in<a href=\"https:\/\/sahmath.net\/wp-content\/uploads\/2019\/12\/katsayilartoplamivesabitterim.pdf\"> t\u0131klay\u0131n\u0131z<\/a>.<\/p>\n\n\n\n<p class=\"has-cyan-bluish-gray-background-color has-background\">Polinomlarda e\u015fitlik ve d\u00f6rt i\u015flem testi i\u00e7in <a href=\"https:\/\/sahmath.net\/wp-content\/uploads\/2019\/12\/esitlikvedortislem.pdf\">t\u0131klay\u0131n\u0131z.<\/a><\/p>\n\n\n\n<p class=\"has-cyan-bluish-gray-background-color has-background\">Polinomlarda b\u00f6lme testi i\u00e7in <a href=\"https:\/\/sahmath.net\/wp-content\/uploads\/2019\/12\/polinomlardabolme.pdf\">t\u0131klay\u0131n\u0131z.<\/a><\/p>\n\n\n\n<p class=\"has-light-green-cyan-background-color has-background\">A\u00e7\u0131 \u00f6l\u00e7\u00fc birimleri testi i\u00e7in <a href=\"https:\/\/sahmath.net\/wp-content\/uploads\/2019\/12\/aciolcubirimleriesasolcu.pdf\">t\u0131klay\u0131n\u0131z<\/a><\/p>\n\n\n\n<p class=\"has-light-green-cyan-background-color has-background\">Trigonometrik fonksiyonlar testi i\u00e7in <a href=\"https:\/\/sahmath.net\/wp-content\/uploads\/2020\/10\/trigonometrikfonksiyonlar.pdf\">t\u0131klay\u0131n\u0131z.<\/a><\/p>\n\n\n\n<p class=\"has-light-green-cyan-background-color has-background\">Trigonometrik fonksiyonlarda  periyot ve grafik testi i\u00e7in <a href=\"https:\/\/sahmath.net\/wp-content\/uploads\/2019\/12\/periyotbulmagrafikler.pdf\">t\u0131klay\u0131n\u0131z.<\/a><\/p>\n\n\n\n<p class=\"has-light-green-cyan-background-color has-background\">\u00dc\u00e7gende trigonometrik ba\u011f\u0131nt\u0131lar testi i\u00e7in <a href=\"https:\/\/sahmath.net\/wp-content\/uploads\/2020\/04\/ucgendetrigonometrikbagintilari.pdf\">t\u0131klay\u0131n\u0131z.<\/a><\/p>\n\n\n\n<p class=\"has-light-green-cyan-background-color has-background\">Ters trigonometrik fonksiyonlar testi i\u00e7in <a href=\"https:\/\/sahmath.net\/wp-content\/uploads\/2020\/04\/terstrigonometrikfonksiyonlar.pdf\">t\u0131klay\u0131n\u0131z.<\/a><\/p>\n\n\n\n<p class=\"has-vivid-purple-background-color has-background\">Logaritma alma kurallar\u0131 testi i\u00e7in<a href=\"https:\/\/sahmath.net\/wp-content\/uploads\/2020\/11\/logaritmaalmakurallari.pdf\"> t\u0131klay\u0131n\u0131z.<\/a><\/p>\n\n\n\n<p class=\"has-vivid-purple-background-color has-background\">Logaritmal\u0131 denklem ve e\u015fitsizlikler testi i\u00e7in <a href=\"https:\/\/sahmath.net\/wp-content\/uploads\/2019\/12\/logaritmalidenklemveesitsizlikler.pdf\">t\u0131klay\u0131n\u0131z.<\/a><\/p>\n\n\n\n<p class=\"has-vivid-purple-background-color has-background\">Dizilerin tan\u0131m\u0131 testi i\u00e7in <a href=\"https:\/\/sahmath.net\/wp-content\/uploads\/2019\/12\/diziler.pdf\">t\u0131klay\u0131n\u0131z.<\/a><\/p>\n\n\n\n<p class=\"has-vivid-purple-background-color has-background\">Aritmetik ve Geometrik diziler testi i\u00e7in <a href=\"https:\/\/sahmath.net\/wp-content\/uploads\/2019\/12\/aritmetikvegeometrikdiziler.pdf\">t\u0131klay\u0131n\u0131z.<\/a><\/p>\n\n\n\n<p class=\"has-vivid-purple-background-color has-background\">Trigonometride toplam fark form\u00fclleri testi i\u00e7in <a href=\"https:\/\/sahmath.net\/wp-content\/uploads\/2019\/12\/toplamfarkformulleri.pdf\">t\u0131klay\u0131n\u0131z.<\/a><\/p>\n\n\n\n<p class=\"has-vivid-purple-background-color has-background\">Trigonometrik denklemler testi i\u00e7in <a href=\"https:\/\/sahmath.net\/wp-content\/uploads\/2019\/12\/trigonometrikdenklemler.pdf\">t\u0131klay\u0131n\u0131z.<\/a><\/p>\n\n\n\n<p class=\"has-vivid-purple-background-color has-background\">Limit ve s\u00fcreklilik testi i\u00e7in <a href=\"https:\/\/sahmath.net\/wp-content\/uploads\/2019\/12\/limitvesureklilik.pdf\">t\u0131klay\u0131n\u0131z.<\/a><\/p>\n\n\n\n<p><\/p>\n\n\n\n<p class=\"has-text-align-center\"><strong>Cevap Anahtarlar\u0131<\/strong><\/p>\n\n\n\n<p>Mavi testlerin cevap anahtar\u0131 i\u00e7in <a href=\"https:\/\/sahmath.net\/wp-content\/uploads\/2020\/04\/cevapanahtari.pdf\">t\u0131klay\u0131n\u0131z.<\/a><\/p>\n\n\n\n<p>Gri testlerin cevap anahtar\u0131 i\u00e7in t\u0131klay\u0131n\u0131z. <\/p>\n\n\n\n<p>Ye\u015fil testlerin cevap anahtar\u0131 i\u00e7in <a href=\"https:\/\/sahmath.net\/wp-content\/uploads\/2020\/04\/cevapanahtari11.pdf\">t\u0131klay\u0131n\u0131z.  <\/a><\/p>\n\n\n\n<p>Mor testlerin cevap anahtar\u0131 i\u00e7in <a href=\"https:\/\/sahmath.net\/wp-content\/uploads\/2020\/11\/cevapanahtari12.pdf\">t\u0131klay\u0131n\u0131z.  <\/a><\/p>\n\n\n\n<p><\/p>\n\n\n\n<p>                                     <strong>  <\/strong><\/p>\n\n\n\n<p><\/p>\n","protected":false},"excerpt":{"rendered":"<p>TYT Tarama Testleri K\u00fcmeler testi i\u00e7in t\u0131klay\u0131n\u0131z. B\u00f6lme ve b\u00f6l\u00fcnebilme testi i\u00e7in t\u0131klay\u0131n\u0131z. Ebob ve Ekok testi i\u00e7in t\u0131klay\u0131n\u0131z. 1.Dereceden bir bilinmeyenli denklemler testi i\u00e7in t\u0131klay\u0131n\u0131z. \u00dcsl\u00fc say\u0131lar testi i\u00e7in t\u0131klay\u0131n\u0131z. Say\u0131 ve kesir problemleri i\u00e7in t\u0131klay\u0131n\u0131z. Ya\u015f problemleri testi i\u00e7in t\u0131klay\u0131n\u0131z. Sayman\u0131n temel ilkesi i\u00e7in t\u0131klay\u0131n\u0131z Perm\u00fctasyon testi i\u00e7in<span class=\"more-link theme-more-link\"><a href=\"https:\/\/sahmath.net\/?page_id=29\">Continue Reading<\/a><\/span><\/p>\n","protected":false},"author":1,"featured_media":0,"parent":0,"menu_order":0,"comment_status":"closed","ping_status":"closed","template":"","meta":{"footnotes":""},"class_list":["entry","author-sahmath","post-29","page","type-page","status-publish"],"_links":{"self":[{"href":"https:\/\/sahmath.net\/index.php?rest_route=\/wp\/v2\/pages\/29","targetHints":{"allow":["GET"]}}],"collection":[{"href":"https:\/\/sahmath.net\/index.php?rest_route=\/wp\/v2\/pages"}],"about":[{"href":"https:\/\/sahmath.net\/index.php?rest_route=\/wp\/v2\/types\/page"}],"author":[{"embeddable":true,"href":"https:\/\/sahmath.net\/index.php?rest_route=\/wp\/v2\/users\/1"}],"replies":[{"embeddable":true,"href":"https:\/\/sahmath.net\/index.php?rest_route=%2Fwp%2Fv2%2Fcomments&post=29"}],"version-history":[{"count":60,"href":"https:\/\/sahmath.net\/index.php?rest_route=\/wp\/v2\/pages\/29\/revisions"}],"predecessor-version":[{"id":779,"href":"https:\/\/sahmath.net\/index.php?rest_route=\/wp\/v2\/pages\/29\/revisions\/779"}],"wp:attachment":[{"href":"https:\/\/sahmath.net\/index.php?rest_route=%2Fwp%2Fv2%2Fmedia&parent=29"}],"curies":[{"name":"wp","href":"https:\/\/api.w.org\/{rel}","templated":true}]}}