{"id":403,"date":"2023-03-21T15:22:01","date_gmt":"2023-03-21T12:22:01","guid":{"rendered":"https:\/\/sahmath.net\/?page_id=403"},"modified":"2025-09-29T11:19:57","modified_gmt":"2025-09-29T08:19:57","slug":"geometri-tarama","status":"publish","type":"page","link":"https:\/\/sahmath.net\/?page_id=403","title":{"rendered":"Geometri Testleri"},"content":{"rendered":"\n<p class=\"has-text-align-center\"><strong>TYT ve AYT Geometri Kavrama Testleri<\/strong><\/p>\n\n\n\n<p class=\"has-pale-cyan-blue-background-color has-background\">Do\u011fruda a\u00e7\u0131lar LEVEL 1 testi i\u00e7in <a href=\"https:\/\/sahmath.net\/wp-content\/uploads\/2023\/03\/9.sinifgeometridogrudaacilarlevel1.pdf\">t\u0131klay\u0131n\u0131z.<\/a><\/p>\n\n\n\n<p class=\"has-pale-cyan-blue-background-color has-background\">\u00dc\u00e7gende a\u00e7\u0131lar LEVEL 1 testi i\u00e7in <a href=\"https:\/\/sahmath.net\/wp-content\/uploads\/2023\/03\/Ucgende-acilar-level1.pdf\">t\u0131klay\u0131n\u0131z.<\/a><\/p>\n\n\n\n<p class=\"has-pale-cyan-blue-background-color has-background\">\u00dc\u00e7gende a\u00e7\u0131lar LEVEL 2 testi i\u00e7in <a href=\"https:\/\/sahmath.net\/wp-content\/uploads\/2023\/04\/Ucgende-Acilar-Level2.pdf\">t\u0131klay\u0131n\u0131z.<\/a><\/p>\n\n\n\n<p class=\"has-pale-cyan-blue-background-color has-background\">\u00dc\u00e7gende a\u00e7\u0131lar LEVEL 3 testi i\u00e7in <a href=\"https:\/\/sahmath.net\/wp-content\/uploads\/2023\/04\/Ucgende-Acilar-Level3.pdf\">t\u0131klay\u0131n\u0131z<\/a>.<\/p>\n\n\n\n<p class=\"has-pale-cyan-blue-background-color has-background\">\u00dc\u00e7gende a\u00e7\u0131 kenar ba\u011f\u0131nt\u0131lar LEVEL 1 testi i\u00e7in <a href=\"https:\/\/sahmath.net\/wp-content\/uploads\/2023\/04\/Ucgende-aci-kenar-bagintilari-LEVEL1.pdf\">t\u0131klay\u0131n\u0131z<\/a>.<\/p>\n","protected":false},"excerpt":{"rendered":"<p>TYT ve AYT Geometri Kavrama Testleri Do\u011fruda a\u00e7\u0131lar LEVEL 1 testi i\u00e7in t\u0131klay\u0131n\u0131z. \u00dc\u00e7gende a\u00e7\u0131lar LEVEL 1 testi i\u00e7in t\u0131klay\u0131n\u0131z. \u00dc\u00e7gende a\u00e7\u0131lar LEVEL 2 testi i\u00e7in t\u0131klay\u0131n\u0131z. \u00dc\u00e7gende a\u00e7\u0131lar LEVEL 3 testi i\u00e7in t\u0131klay\u0131n\u0131z. \u00dc\u00e7gende a\u00e7\u0131 kenar ba\u011f\u0131nt\u0131lar LEVEL 1 testi i\u00e7in t\u0131klay\u0131n\u0131z.<span class=\"more-link theme-more-link\"><a href=\"https:\/\/sahmath.net\/?page_id=403\">Continue Reading<\/a><\/span><\/p>\n","protected":false},"author":1,"featured_media":0,"parent":0,"menu_order":0,"comment_status":"closed","ping_status":"closed","template":"","meta":{"footnotes":""},"class_list":["entry","author-sahmath","post-403","page","type-page","status-publish"],"_links":{"self":[{"href":"https:\/\/sahmath.net\/index.php?rest_route=\/wp\/v2\/pages\/403","targetHints":{"allow":["GET"]}}],"collection":[{"href":"https:\/\/sahmath.net\/index.php?rest_route=\/wp\/v2\/pages"}],"about":[{"href":"https:\/\/sahmath.net\/index.php?rest_route=\/wp\/v2\/types\/page"}],"author":[{"embeddable":true,"href":"https:\/\/sahmath.net\/index.php?rest_route=\/wp\/v2\/users\/1"}],"replies":[{"embeddable":true,"href":"https:\/\/sahmath.net\/index.php?rest_route=%2Fwp%2Fv2%2Fcomments&post=403"}],"version-history":[{"count":13,"href":"https:\/\/sahmath.net\/index.php?rest_route=\/wp\/v2\/pages\/403\/revisions"}],"predecessor-version":[{"id":781,"href":"https:\/\/sahmath.net\/index.php?rest_route=\/wp\/v2\/pages\/403\/revisions\/781"}],"wp:attachment":[{"href":"https:\/\/sahmath.net\/index.php?rest_route=%2Fwp%2Fv2%2Fmedia&parent=403"}],"curies":[{"name":"wp","href":"https:\/\/api.w.org\/{rel}","templated":true}]}}