{"id":824,"date":"2026-04-15T23:15:26","date_gmt":"2026-04-15T20:15:26","guid":{"rendered":"https:\/\/sahmath.net\/index.php\/danismanlik\/"},"modified":"2026-04-15T23:15:26","modified_gmt":"2026-04-15T20:15:26","slug":"danismanlik","status":"publish","type":"page","link":"https:\/\/sahmath.net\/?page_id=824","title":{"rendered":"Dan\u0131\u015fmanl\u0131k"},"content":{"rendered":"","protected":false},"excerpt":{"rendered":"<p><span class=\"more-link theme-more-link\"><a href=\"https:\/\/sahmath.net\/?page_id=824\">Continue Reading<\/a><\/span><\/p>\n","protected":false},"author":1,"featured_media":0,"parent":0,"menu_order":0,"comment_status":"closed","ping_status":"closed","template":"full-width","meta":{"footnotes":""},"class_list":["entry","author-sahmath","post-824","page","type-page","status-publish"],"_links":{"self":[{"href":"https:\/\/sahmath.net\/index.php?rest_route=\/wp\/v2\/pages\/824","targetHints":{"allow":["GET"]}}],"collection":[{"href":"https:\/\/sahmath.net\/index.php?rest_route=\/wp\/v2\/pages"}],"about":[{"href":"https:\/\/sahmath.net\/index.php?rest_route=\/wp\/v2\/types\/page"}],"author":[{"embeddable":true,"href":"https:\/\/sahmath.net\/index.php?rest_route=\/wp\/v2\/users\/1"}],"replies":[{"embeddable":true,"href":"https:\/\/sahmath.net\/index.php?rest_route=%2Fwp%2Fv2%2Fcomments&post=824"}],"version-history":[{"count":0,"href":"https:\/\/sahmath.net\/index.php?rest_route=\/wp\/v2\/pages\/824\/revisions"}],"wp:attachment":[{"href":"https:\/\/sahmath.net\/index.php?rest_route=%2Fwp%2Fv2%2Fmedia&parent=824"}],"curies":[{"name":"wp","href":"https:\/\/api.w.org\/{rel}","templated":true}]}}