{"id":93,"date":"2019-12-20T16:43:02","date_gmt":"2019-12-20T13:43:02","guid":{"rendered":"http:\/\/sahmath.net\/?page_id=93"},"modified":"2023-04-20T15:28:05","modified_gmt":"2023-04-20T12:28:05","slug":"unlu-matematikciler-2","status":"publish","type":"page","link":"https:\/\/sahmath.net\/?page_id=93","title":{"rendered":"\u00dcnl\u00fc Matematik\u00e7iler"},"content":{"rendered":"\n<p>Auguston Louis CAUCHY&#8217; nin hayat\u0131 i\u00e7in <a href=\"https:\/\/sahmath.net\/wp-content\/uploads\/2020\/03\/cauchy.pdf\">t\u0131klay\u0131n\u0131z.<\/a><\/p>\n\n\n\n<p>Carl Friedrich GAUSS &#8216; un hayat\u0131 i\u00e7in <a href=\"https:\/\/sahmath.net\/wp-content\/uploads\/2020\/03\/gauss.pdf\">t\u0131klay\u0131n\u0131z.<\/a><\/p>\n\n\n\n<p>Pythag\u00f3ras ho S\u00e1mios&#8217; un hayat\u0131 i\u00e7in<a href=\"https:\/\/sahmath.net\/wp-content\/uploads\/2023\/04\/pisagor.pdf\"> t\u0131klay\u0131n\u0131z.<\/a><\/p>\n","protected":false},"excerpt":{"rendered":"<p>Auguston Louis CAUCHY&#8217; nin hayat\u0131 i\u00e7in t\u0131klay\u0131n\u0131z. Carl Friedrich GAUSS &#8216; un hayat\u0131 i\u00e7in t\u0131klay\u0131n\u0131z. Pythag\u00f3ras ho S\u00e1mios&#8217; un hayat\u0131 i\u00e7in t\u0131klay\u0131n\u0131z.<span class=\"more-link theme-more-link\"><a href=\"https:\/\/sahmath.net\/?page_id=93\">Continue Reading<\/a><\/span><\/p>\n","protected":false},"author":1,"featured_media":0,"parent":0,"menu_order":0,"comment_status":"closed","ping_status":"closed","template":"","meta":{"footnotes":""},"class_list":["entry","author-sahmath","post-93","page","type-page","status-publish"],"_links":{"self":[{"href":"https:\/\/sahmath.net\/index.php?rest_route=\/wp\/v2\/pages\/93","targetHints":{"allow":["GET"]}}],"collection":[{"href":"https:\/\/sahmath.net\/index.php?rest_route=\/wp\/v2\/pages"}],"about":[{"href":"https:\/\/sahmath.net\/index.php?rest_route=\/wp\/v2\/types\/page"}],"author":[{"embeddable":true,"href":"https:\/\/sahmath.net\/index.php?rest_route=\/wp\/v2\/users\/1"}],"replies":[{"embeddable":true,"href":"https:\/\/sahmath.net\/index.php?rest_route=%2Fwp%2Fv2%2Fcomments&post=93"}],"version-history":[{"count":13,"href":"https:\/\/sahmath.net\/index.php?rest_route=\/wp\/v2\/pages\/93\/revisions"}],"predecessor-version":[{"id":519,"href":"https:\/\/sahmath.net\/index.php?rest_route=\/wp\/v2\/pages\/93\/revisions\/519"}],"wp:attachment":[{"href":"https:\/\/sahmath.net\/index.php?rest_route=%2Fwp%2Fv2%2Fmedia&parent=93"}],"curies":[{"name":"wp","href":"https:\/\/api.w.org\/{rel}","templated":true}]}}